{"id":54146,"date":"2016-11-15T12:59:23","date_gmt":"2016-11-15T12:59:23","guid":{"rendered":"http:\/\/localhost:8888\/wordpress\/?page_id=54146"},"modified":"2017-10-02T15:35:32","modified_gmt":"2017-10-02T15:35:32","slug":"interpretation","status":"publish","type":"page","link":"http:\/\/marcboivin.org\/en\/interpretation\/","title":{"rendered":"Interpretation"},"content":{"rendered":"<p>[vc_row unlock_row=&#8221;&#8221; row_height_percent=&#8221;0&#8243; overlay_alpha=&#8221;50&#8243; gutter_size=&#8221;3&#8243; shift_y=&#8221;0&#8243;][vc_column width=&#8221;1\/1&#8243;][uncode_slider slider_interval=&#8221;3000&#8243; slider_navspeed=&#8221;400&#8243; slider_loop=&#8221;yes&#8221;][vc_row_inner][vc_column_inner width=&#8221;1\/1&#8243;][vc_single_image media=&#8221;54789&#8243; caption=&#8221;yes&#8221; media_width_percent=&#8221;60&#8243; media_ratio=&#8221;twentyone-nine&#8221; alignment=&#8221;center&#8221;][\/vc_column_inner][\/vc_row_inner][vc_row_inner row_inner_height_percent=&#8221;0&#8243; overlay_alpha=&#8221;50&#8243; gutter_size=&#8221;3&#8243; shift_y=&#8221;0&#8243;][vc_column_inner width=&#8221;1\/1&#8243;][vc_single_image media=&#8221;54715&#8243; caption=&#8221;yes&#8221; media_width_percent=&#8221;60&#8243; media_ratio=&#8221;twentyone-nine&#8221; alignment=&#8221;center&#8221;][\/vc_column_inner][\/vc_row_inner][vc_row_inner][vc_column_inner width=&#8221;1\/1&#8243;][vc_single_image media=&#8221;54712&#8243; caption=&#8221;yes&#8221; media_width_percent=&#8221;60&#8243; media_ratio=&#8221;twentyone-nine&#8221; alignment=&#8221;center&#8221;][\/vc_column_inner][\/vc_row_inner][\/uncode_slider][\/vc_column][\/vc_row][vc_row unlock_row=&#8221;&#8221; row_height_percent=&#8221;0&#8243; overlay_alpha=&#8221;50&#8243; gutter_size=&#8221;3&#8243; shift_y=&#8221;0&#8243;][vc_column width=&#8221;1\/1&#8243;][vc_column_text]<em>Individual sensibilities are private and fragile constructs. They define how we perceive the world and participate in it. Given that the stage acts as a partial mirror of human experiences, the confrontation of artistic propositions throughout the creative process acknowledges the desire for communication, specific to each individual, and to the various relationships we maintain with abstraction.<\/em><\/p>\n<p><em>The choices that lead to the creation of a work are meaningful. They possess a dynamic state that precedes the definition of things and that challenges awareness: \u201cIt makes me think of\u2026 It is as if\u2026 It refers to\u2026\u201d Abstraction is a way to get to the vital essence of perception and to give it a new and sensible form, to embody it.<\/em> &#8211; Marc Boivin[\/vc_column_text][uncode_index el_id=&#8221;index-322484&#8243; loop=&#8221;size:10|order_by:rand|post_type:post|categories:87&#8243; gutter_size=&#8221;3&#8243; post_items=&#8221;media|featured|onpost|original,title,text|excerpt,sep-one|full&#8221; screen_lg=&#8221;1000&#8243; screen_md=&#8221;600&#8243; screen_sm=&#8221;480&#8243; single_overlay_opacity=&#8221;50&#8243; single_padding=&#8221;2&#8243;][\/vc_column][\/vc_row][vc_row][vc_column width=&#8221;1\/1&#8243;][vc_column_text]<\/p>\n<h3>Dance projects since 1981 :<\/h3>\n<p><strong>M\u00e9lanie Demers<\/strong><\/p>\n<p><em>Animal triste (2016), Pluton (2016), WOULD<\/em> (2013)<\/p>\n<p>Toronto, Ottawa, Montreal<\/p>\n<p>&nbsp;<\/p>\n<p><strong>Tedi Tafel<\/strong><\/p>\n<p><em>Everyday<\/em> (2014), <em>Calendar &#8211; November <\/em>(2010)<\/p>\n<p>Montreal<\/p>\n<p><strong>Catherine Tardif<\/strong><\/p>\n<p><em>6,3 \u00c9vanouissements<\/em> (2014), <em>De la t\u00eate au ciel (<\/em>2011), <em>Show poche (<\/em>2009<em>) Show triste <\/em>(2006), <em>Show Western <\/em>\u00a0(2004), <em>Trio M\u00e9tal <\/em>(2003), <em>St\u00e9phane <\/em>(2000), <em>Projet Luminosit\u00e9s variables <\/em>(1999), <em>L\u00e9opold et Maurice <\/em>(1994), <em>Most Modern <\/em>(1986).<\/p>\n<p>Montreal, Lille, Toronto.<\/p>\n<p><strong>Marc Boivin (in collaboration with Chantal Dumas)<\/strong><\/p>\n<p>Klassenzimmer 2 (2013) Montreal<\/p>\n<p><strong>Sylvie Desrosiers<\/strong><\/p>\n<p>Douce Tourmente (2013) Ottawa<\/p>\n<p><strong>Marc Boivin (in collaboration with Quatuor Bozzini and Sokolovi<\/strong><strong>\u0107)<\/strong><\/p>\n<p><em>Une id\u00e9e sinon vraie\u2026 <\/em>(2012) Montreal<\/p>\n<p><strong>Davida Monk\/Marc Boivin<\/strong><\/p>\n<p><em>The Strangest Torment <\/em>\u00a0(2011) Calgary<\/p>\n<p><strong>Dominique Porte<\/strong><\/p>\n<p><em>Ulysses, nous et les sir\u00e8nes <\/em>(2010) Montreal<\/p>\n<p><em>Parle avec lui <\/em>(2003), Montreal<\/p>\n<p><strong>Marc Boivin<\/strong><\/p>\n<p><em>Impact <\/em>(2008) Montreal, Toronto, Calgary, Ottawa, Winnipeg, Vancouver<\/p>\n<p><em>I 13 au carr\u00e9 <\/em>(2009) Montreal, Ottawa, Vancouver, Toronto<\/p>\n<p><strong>Luc Dunberry<\/strong><\/p>\n<p><em>Mi-un, ni d\u2019eux<\/em> (2008) Ottawa, Vancouver<\/p>\n<p><strong>Sylvain \u00c9mard \/ Andr\u00e9 Gingras<\/strong><\/p>\n<p><em>7 by 2 <\/em>(2007) Hollande<\/p>\n<p><strong>James Kudelka<\/strong><\/p>\n<p>15 Heterosexual duets (reprise en 2006-07-08 pour Co Coleman\/Lemieux)<\/p>\n<p>Montreal, Ottawa, Peterborough, St-Sauveur, New York<\/p>\n<p><strong>Tedd Robinson<\/strong><\/p>\n<p><em>Cobalt rouge (2005),Lexicons of space<\/em> (1994), <em>1+2=trio<\/em> (1993), <em>Antisocial studies #1 through 21 <\/em>(1992).<\/p>\n<p>Touring in Canada, USA and Germany<\/p>\n<p><strong>Sylvain \u00c9mard<\/strong><\/p>\n<p><em>Pluie <\/em>(2004),<em> Sc\u00e8nes d\u2019int\u00e9rieur <\/em>(2001), <em>Mensonge Variations<\/em> (1998), <em>Rumeurs <\/em>(1996), <em>\u00c0 jamais <\/em>(1996), <em>Terrains Vagues <\/em>(1994).<\/p>\n<p>Touring in Canada, Scotland, France.<\/p>\n<p><strong>Jean-Pierre Perreault<\/strong><\/p>\n<p><em>Les Ombres <\/em>(2001), <em>Les \u00c9ph\u00e8m\u00e8res <\/em>(1997),<em> Les ombres dans ta t\u00eate<\/em> (1996), <em>Eironos<\/em> (1996), <em>Les ann\u00e9es de p\u00e8lerinnage <\/em>(1995), <em>L&#8217;Instinct <\/em>(1994), <em>Adieux <\/em>(1993).<\/p>\n<p>Touring in Canada, France, Scotland and Australia<\/p>\n<p><strong>Louise B\u00e9dard \u00a0\u00a0\u00a0\u00a0<\/strong><\/p>\n<p><em>Urbania Box, je n&#8217;imagine rien<\/em> (1999), <em>Dans les foug\u00e8res foul\u00e9es du regard <\/em>(1995),<em> \u00c0\u00a0 l&#8217;ombre <\/em>(1993), <em>M\u00e4nngard<\/em> (1993),<em> Les M\u00e9tamorphoses clandestines <\/em>(1991).<\/p>\n<p>Touring in Canada, France and Bulgaria<\/p>\n<p><strong>Bill Coleman<\/strong><\/p>\n<p><em>Convoy P.Q.17 <\/em>(2005), Montreal, St-Petersburg, Victoria<\/p>\n<p><strong>Felix Ruckyert<\/strong><\/p>\n<p><em>Hautnah <\/em>(2000), Montreal<\/p>\n<p><strong>O Vertigo Danse, chor\u00e9graphe Ginette Laurin (1985-91)<\/strong><\/p>\n<p><em>Train d&#8217;enfer<\/em> (1990), <em>Chagall<\/em> (1989), <em>Don Quichotte <\/em>(1988), <em>Full House<\/em> (1987), <em>Up<\/em> <em>the Wall <\/em>(1987), <em>Etude II <\/em>(1986), <em>Crash Landing<\/em> (1986), <em>Timber<\/em> (1986).<\/p>\n<p>Touring in Canada, USA, France, Belgium, Spain, Switzerland, Germany, Great-Britain, Italy.<\/p>\n<p><strong>Le Groupe de la Place Royale, directeur artistique Peter Boneham (Ottawa, 1981-84)<\/strong><\/p>\n<p>Dancer for Peter Boneham, Bill James, Michael Montanaro, Tassy Teekman, Odette Olivier and Daniel L\u00e9veill\u00e9 (1982-1985).<\/p>\n<p>Touring in Canada and France[\/vc_column_text][\/vc_column][\/vc_row]<\/p>\n","protected":false},"excerpt":{"rendered":"<p>[vc_row unlock_row=&#8221;&#8221; row_height_percent=&#8221;0&#8243; overlay_alpha=&#8221;50&#8243; gutter_size=&#8221;3&#8243; shift_y=&#8221;0&#8243;][vc_column width=&#8221;1\/1&#8243;][uncode_slider slider_interval=&#8221;3000&#8243; slider_navspeed=&#8221;400&#8243; slider_loop=&#8221;yes&#8221;][vc_row_inner][vc_column_inner width=&#8221;1\/1&#8243;][vc_single_image media=&#8221;54789&#8243; caption=&#8221;yes&#8221; media_width_percent=&#8221;60&#8243; media_ratio=&#8221;twentyone-nine&#8221; alignment=&#8221;center&#8221;][\/vc_column_inner][\/vc_row_inner][vc_row_inner row_inner_height_percent=&#8221;0&#8243; overlay_alpha=&#8221;50&#8243; gutter_size=&#8221;3&#8243; shift_y=&#8221;0&#8243;][vc_column_inner [&hellip;]<\/p>\n","protected":false},"author":1,"featured_media":0,"parent":0,"menu_order":0,"comment_status":"closed","ping_status":"closed","template":"","meta":[],"_links":{"self":[{"href":"http:\/\/marcboivin.org\/en\/wp-json\/wp\/v2\/pages\/54146"}],"collection":[{"href":"http:\/\/marcboivin.org\/en\/wp-json\/wp\/v2\/pages"}],"about":[{"href":"http:\/\/marcboivin.org\/en\/wp-json\/wp\/v2\/types\/page"}],"author":[{"embeddable":true,"href":"http:\/\/marcboivin.org\/en\/wp-json\/wp\/v2\/users\/1"}],"replies":[{"embeddable":true,"href":"http:\/\/marcboivin.org\/en\/wp-json\/wp\/v2\/comments?post=54146"}],"version-history":[{"count":25,"href":"http:\/\/marcboivin.org\/en\/wp-json\/wp\/v2\/pages\/54146\/revisions"}],"predecessor-version":[{"id":55062,"href":"http:\/\/marcboivin.org\/en\/wp-json\/wp\/v2\/pages\/54146\/revisions\/55062"}],"wp:attachment":[{"href":"http:\/\/marcboivin.org\/en\/wp-json\/wp\/v2\/media?parent=54146"}],"curies":[{"name":"wp","href":"https:\/\/api.w.org\/{rel}","templated":true}]}}