{"id":54199,"date":"2016-11-16T01:48:09","date_gmt":"2016-11-16T01:48:09","guid":{"rendered":"http:\/\/localhost:8888\/wordpress\/?page_id=54199"},"modified":"2017-10-02T13:44:32","modified_gmt":"2017-10-02T13:44:32","slug":"writings","status":"publish","type":"page","link":"http:\/\/marcboivin.org\/en\/writings\/","title":{"rendered":"Writings"},"content":{"rendered":"<p>[vc_row][vc_column width=&#8221;1\/4&#8243;][vc_single_image media=&#8221;54664&#8243; media_width_percent=&#8221;68&#8243; alignment=&#8221;center&#8221; media_link=&#8221;url:http%3A%2F%2Fmarcboivin.org%2Fwp-content%2Fuploads%2F2016%2F10%2Flecorpsencoulisse.compressed.pdf|||&#8221;][\/vc_column][vc_column width=&#8221;3\/4&#8243;][vc_column_text]<strong>Le corps en coulisses<\/strong> (in French)\u00a0&#8211; Revue Jeu[\/vc_column_text][vc_button link=&#8221;url:http%3A%2F%2Fmarcboivin.org%2Fwp-content%2Fuploads%2F2016%2F10%2Flecorpsencoulisse.compressed.pdf|||&#8221;]Full text[\/vc_button][\/vc_column][\/vc_row][vc_row][vc_column width=&#8221;1\/4&#8243;][vc_single_image media=&#8221;54665&#8243; media_width_percent=&#8221;68&#8243; alignment=&#8221;center&#8221; media_link=&#8221;url:http%3A%2F%2Fmarcboivin.org%2Fwp-content%2Fuploads%2F2016%2F10%2FTechnique-text.compressed.pdf|||&#8221;][\/vc_column][vc_column width=&#8221;3\/4&#8243;][vc_column_text]<strong>The EDAM Text &#8211; Technique<\/strong>[\/vc_column_text][vc_button link=&#8221;url:http%3A%2F%2Fmarcboivin.org%2Fwp-content%2Fuploads%2F2016%2F10%2FTechnique-text.compressed.pdf|||&#8221;]Full text[\/vc_button][\/vc_column][\/vc_row][vc_row][vc_column width=&#8221;1\/4&#8243;][vc_single_image media=&#8221;54666&#8243; media_width_percent=&#8221;68&#8243; alignment=&#8221;center&#8221; media_link=&#8221;url:http%3A%2F%2Fmarcboivin.org%2Fwp-content%2Fuploads%2F2016%2F10%2FInterpretation-text.pdf|||&#8221;][\/vc_column][vc_column width=&#8221;3\/4&#8243;][vc_column_text]<strong>The EDAM Text &#8211; Interpretation<\/strong>[\/vc_column_text][vc_button link=&#8221;url:http%3A%2F%2Fmarcboivin.org%2Fwp-content%2Fuploads%2F2016%2F10%2FInterpretation-text.pdf|||&#8221;]Full text[\/vc_button][\/vc_column][\/vc_row][vc_row][vc_column width=&#8221;1\/4&#8243;][vc_single_image media=&#8221;54768&#8243; media_width_percent=&#8221;68&#8243; alignment=&#8221;center&#8221; media_link=&#8221;url:%20http%3A%2F%2Fmarcboivin.org%2Fwp-content%2Fuploads%2F2016%2F10%2Fthemafr2014.pdf%20_blank|||&#8221;][\/vc_column][vc_column width=&#8221;3\/4&#8243;][vc_column_text]<strong>Living and Virtual Memory of Dance<\/strong>[\/vc_column_text][vc_button link=&#8221;url:http%3A%2F%2Fmarcboivin.org%2Fen%2Fwp-content%2Fuploads%2F2016%2F10%2FTHEMA_3_p110_p122_trad_BOIVIN_GAGNON_PRO.compressed.pdf|||&#8221;]Full text[\/vc_button][\/vc_column][\/vc_row][vc_row][vc_column width=&#8221;1\/4&#8243;][vc_single_image media=&#8221;54771&#8243; media_width_percent=&#8221;68&#8243; alignment=&#8221;center&#8221; media_link=&#8221;url:%20http%3A%2F%2Fmarcboivin.org%2Fwp-content%2Fuploads%2F2016%2F10%2FDanceCurrentMB.pdf%20_blank|||&#8221;][\/vc_column][vc_column width=&#8221;3\/4&#8243;][vc_column_text]<strong>Legacy and memory<\/strong>[\/vc_column_text][vc_button link=&#8221;url:http%3A%2F%2Fmarcboivin.org%2Fwp-content%2Fuploads%2F2016%2F10%2FDanceCurrentMB.pdf%20_blank|||&#8221;]Full text[\/vc_button][\/vc_column][\/vc_row][vc_row][vc_column width=&#8221;1\/4&#8243;][vc_single_image media=&#8221;54770&#8243; media_width_percent=&#8221;68&#8243; alignment=&#8221;center&#8221;][\/vc_column][vc_column width=&#8221;3\/4&#8243;][vc_column_text]<strong>Jean-Pierre Perreault, un cas de figure pour le patrimoine chor\u00e9graphique qu\u00e9b\u00e9cois<\/strong>[\/vc_column_text][vc_button link=&#8221;url:http%3A%2F%2Fwww.lespressesdureel.com%2Fouvrage.php%3Fid%3D3516|||&#8221;]Coming soon[\/vc_button][\/vc_column][\/vc_row]<\/p>\n","protected":false},"excerpt":{"rendered":"<p>[vc_row][vc_column width=&#8221;1\/4&#8243;][vc_single_image media=&#8221;54664&#8243; media_width_percent=&#8221;68&#8243; alignment=&#8221;center&#8221; media_link=&#8221;url:http%3A%2F%2Fmarcboivin.org%2Fwp-content%2Fuploads%2F2016%2F10%2Flecorpsencoulisse.compressed.pdf|||&#8221;][\/vc_column][vc_column width=&#8221;3\/4&#8243;][vc_column_text]Le corps en coulisses (in French)\u00a0&#8211; Revue Jeu[\/vc_column_text][vc_button link=&#8221;url:http%3A%2F%2Fmarcboivin.org%2Fwp-content%2Fuploads%2F2016%2F10%2Flecorpsencoulisse.compressed.pdf|||&#8221;]Full text[\/vc_button][\/vc_column][\/vc_row][vc_row][vc_column width=&#8221;1\/4&#8243;][vc_single_image media=&#8221;54665&#8243; media_width_percent=&#8221;68&#8243; alignment=&#8221;center&#8221; [&hellip;]<\/p>\n","protected":false},"author":1,"featured_media":54242,"parent":0,"menu_order":0,"comment_status":"closed","ping_status":"closed","template":"","meta":[],"_links":{"self":[{"href":"http:\/\/marcboivin.org\/en\/wp-json\/wp\/v2\/pages\/54199"}],"collection":[{"href":"http:\/\/marcboivin.org\/en\/wp-json\/wp\/v2\/pages"}],"about":[{"href":"http:\/\/marcboivin.org\/en\/wp-json\/wp\/v2\/types\/page"}],"author":[{"embeddable":true,"href":"http:\/\/marcboivin.org\/en\/wp-json\/wp\/v2\/users\/1"}],"replies":[{"embeddable":true,"href":"http:\/\/marcboivin.org\/en\/wp-json\/wp\/v2\/comments?post=54199"}],"version-history":[{"count":27,"href":"http:\/\/marcboivin.org\/en\/wp-json\/wp\/v2\/pages\/54199\/revisions"}],"predecessor-version":[{"id":55044,"href":"http:\/\/marcboivin.org\/en\/wp-json\/wp\/v2\/pages\/54199\/revisions\/55044"}],"wp:featuredmedia":[{"embeddable":true,"href":"http:\/\/marcboivin.org\/en\/wp-json\/wp\/v2\/media\/54242"}],"wp:attachment":[{"href":"http:\/\/marcboivin.org\/en\/wp-json\/wp\/v2\/media?parent=54199"}],"curies":[{"name":"wp","href":"https:\/\/api.w.org\/{rel}","templated":true}]}}